{"id":1987,"date":"2024-09-09T17:05:41","date_gmt":"2024-09-09T20:05:41","guid":{"rendered":"https:\/\/alienacionparental.com.ar\/?page_id=1987"},"modified":"2024-09-10T09:31:03","modified_gmt":"2024-09-10T12:31:03","slug":"libros","status":"publish","type":"page","link":"https:\/\/alienacionparental.com.ar\/pt\/libros\/","title":{"rendered":"Livros"},"content":{"rendered":"<div data-elementor-type=\"wp-page\" data-elementor-id=\"1987\" class=\"elementor elementor-1987\" data-elementor-post-type=\"page\">\n\t\t\t\t<div class=\"elementor-element elementor-element-3c7552e8 e-con-full e-flex e-con e-parent\" data-id=\"3c7552e8\" data-element_type=\"container\" id=\"top\" data-settings=\"{&quot;background_background&quot;:&quot;classic&quot;,&quot;background_motion_fx_motion_fx_scrolling&quot;:&quot;yes&quot;,&quot;background_motion_fx_translateY_effect&quot;:&quot;yes&quot;,&quot;background_motion_fx_translateY_speed&quot;:{&quot;unit&quot;:&quot;px&quot;,&quot;size&quot;:5.6,&quot;sizes&quot;:[]},&quot;background_motion_fx_translateY_affectedRange&quot;:{&quot;unit&quot;:&quot;%&quot;,&quot;size&quot;:&quot;&quot;,&quot;sizes&quot;:{&quot;start&quot;:0,&quot;end&quot;:53}},&quot;background_motion_fx_devices&quot;:[&quot;desktop&quot;,&quot;tablet&quot;,&quot;mobile&quot;]}\">\n\t\t<div class=\"elementor-element elementor-element-541ad66b e-con-full e-flex e-con e-child\" data-id=\"541ad66b\" data-element_type=\"container\" data-settings=\"{&quot;background_background&quot;:&quot;gradient&quot;,&quot;position&quot;:&quot;absolute&quot;}\">\n\t\t\t\t<\/div>\n\t\t<div class=\"elementor-element elementor-element-4ff99274 e-flex e-con-boxed e-con e-child\" data-id=\"4ff99274\" data-element_type=\"container\">\n\t\t\t\t\t<div class=\"e-con-inner\">\n\t\t\t\t<div class=\"elementor-element elementor-element-2b066813 elementor-widget__width-initial animated-slow elementor-invisible elementor-widget elementor-widget-text-editor\" data-id=\"2b066813\" data-element_type=\"widget\" data-settings=\"{&quot;_animation&quot;:&quot;fadeIn&quot;}\" data-widget_type=\"text-editor.default\">\n\t\t\t\t<div class=\"elementor-widget-container\">\n\t\t\t\t\t\t\t\t\t<p>Livros<\/p>\t\t\t\t\t\t\t\t<\/div>\n\t\t\t\t<\/div>\n\t\t\t\t\t<\/div>\n\t\t\t\t<\/div>\n\t\t\t\t<\/div>\n\t\t<div class=\"elementor-element elementor-element-17da2d24 e-flex e-con-boxed e-con e-parent\" data-id=\"17da2d24\" data-element_type=\"container\">\n\t\t\t\t\t<div class=\"e-con-inner\">\n\t\t\t\t<div class=\"elementor-element elementor-element-2f892ee6 elementor-grid-3 elementor-grid-tablet-2 elementor-grid-mobile-1 elementor-invisible elementor-widget elementor-widget-loop-grid\" data-id=\"2f892ee6\" data-element_type=\"widget\" data-settings=\"{&quot;template_id&quot;:&quot;179&quot;,&quot;pagination_type&quot;:&quot;load_more_on_click&quot;,&quot;_animation&quot;:&quot;fadeIn&quot;,&quot;row_gap&quot;:{&quot;unit&quot;:&quot;px&quot;,&quot;size&quot;:40,&quot;sizes&quot;:[]},&quot;_skin&quot;:&quot;post&quot;,&quot;columns&quot;:&quot;3&quot;,&quot;columns_tablet&quot;:&quot;2&quot;,&quot;columns_mobile&quot;:&quot;1&quot;,&quot;edit_handle_selector&quot;:&quot;[data-elementor-type=\\&quot;loop-item\\&quot;]&quot;,&quot;load_more_spinner&quot;:{&quot;value&quot;:&quot;fas fa-spinner&quot;,&quot;library&quot;:&quot;fa-solid&quot;},&quot;row_gap_tablet&quot;:{&quot;unit&quot;:&quot;px&quot;,&quot;size&quot;:&quot;&quot;,&quot;sizes&quot;:[]},&quot;row_gap_mobile&quot;:{&quot;unit&quot;:&quot;px&quot;,&quot;size&quot;:&quot;&quot;,&quot;sizes&quot;:[]}}\" data-widget_type=\"loop-grid.post\">\n\t\t\t\t<div class=\"elementor-widget-container\">\n\t\t\t\t\t\t\t<div class=\"elementor-loop-container elementor-grid\">\n\t\t<style id=\"loop-179\">.elementor-179 .elementor-element.elementor-element-279b92a{--display:flex;--flex-direction:column;--container-widget-width:100%;--container-widget-height:initial;--container-widget-flex-grow:0;--container-widget-align-self:initial;--flex-wrap-mobile:wrap;--gap:0px 0px;--row-gap:0px;--column-gap:0px;--background-transition:0.3s;--border-radius:15px 15px 15px 15px;--margin-top:0px;--margin-bottom:0px;--margin-left:0px;--margin-right:0px;--padding-top:40px;--padding-bottom:40px;--padding-left:40px;--padding-right:40px;}.elementor-179 .elementor-element.elementor-element-279b92a:not(.elementor-motion-effects-element-type-background), .elementor-179 .elementor-element.elementor-element-279b92a > .elementor-motion-effects-container > .elementor-motion-effects-layer{background-color:var( --e-global-color-1ca06dd );}.elementor-179 .elementor-element.elementor-element-279b92a:hover{background-color:var( --e-global-color-primary );}.elementor-widget-image .widget-image-caption{color:var( --e-global-color-text );font-family:var( --e-global-typography-text-font-family ), Sans-serif;font-weight:var( --e-global-typography-text-font-weight );}.elementor-179 .elementor-element.elementor-element-0df6562 img{width:100%;height:200px;object-fit:cover;object-position:center center;}.elementor-widget-theme-post-excerpt .elementor-widget-container{color:var( --e-global-color-text );font-family:var( --e-global-typography-text-font-family ), Sans-serif;font-weight:var( --e-global-typography-text-font-weight );}.elementor-179 .elementor-element.elementor-element-7ccc646 > .elementor-widget-container{margin:15px 0px 5px 0px;}.elementor-179 .elementor-element.elementor-element-7ccc646 .elementor-widget-container{color:var( --e-global-color-554d8c2 );font-family:\"Open Sans\", Sans-serif;font-size:15px;font-weight:400;line-height:18px;}.elementor-widget-theme-post-title .elementor-heading-title{font-family:var( --e-global-typography-primary-font-family ), Sans-serif;font-weight:var( --e-global-typography-primary-font-weight );color:var( --e-global-color-primary );}.elementor-179 .elementor-element.elementor-element-3ab1e6e .elementor-heading-title{font-family:\"PT Serif\", Sans-serif;font-size:25px;font-weight:500;line-height:28px;color:var( --e-global-color-93ce126 );}@media(max-width:1024px){.elementor-179 .elementor-element.elementor-element-279b92a{--border-radius:0px 0px 0px 0px;}}@media(max-width:767px){.elementor-179 .elementor-element.elementor-element-279b92a{--border-radius:0px 0px 0px 0px;}}<\/style>\t\t<div data-elementor-type=\"loop-item\" data-elementor-id=\"179\" class=\"elementor elementor-179 e-loop-item e-loop-item-1949 post-1949 post type-post status-publish format-standard has-post-thumbnail hentry category-libros category-novedades\" data-elementor-post-type=\"elementor_library\" data-custom-edit-handle=\"1\">\n\t\t\t<a class=\"elementor-element elementor-element-279b92a e-flex e-con-boxed e-con e-parent\" data-id=\"279b92a\" data-element_type=\"container\" data-settings=\"{&quot;background_background&quot;:&quot;classic&quot;}\" href=\"https:\/\/alienacionparental.com.ar\/pt\/tratado-de-la-responsabilidad-parental\/\">\n\t\t\t\t\t<div class=\"e-con-inner\">\n\t\t\t\t<div class=\"elementor-element elementor-element-0df6562 elementor-widget elementor-widget-image\" data-id=\"0df6562\" data-element_type=\"widget\" data-widget_type=\"image.default\">\n\t\t\t\t<div class=\"elementor-widget-container\">\n\t\t\t\t\t\t\t\t\t\t\t\t\t\t\t<img fetchpriority=\"high\" decoding=\"async\" width=\"1142\" height=\"720\" src=\"https:\/\/alienacionparental.com.ar\/wp-content\/uploads\/2024\/09\/Mizrahi.webp\" class=\"attachment-full size-full wp-image-1950\" alt=\"\" srcset=\"https:\/\/alienacionparental.com.ar\/wp-content\/uploads\/2024\/09\/Mizrahi.webp 1142w, https:\/\/alienacionparental.com.ar\/wp-content\/uploads\/2024\/09\/Mizrahi-300x189.webp 300w, https:\/\/alienacionparental.com.ar\/wp-content\/uploads\/2024\/09\/Mizrahi-1024x646.webp 1024w, https:\/\/alienacionparental.com.ar\/wp-content\/uploads\/2024\/09\/Mizrahi-768x484.webp 768w, https:\/\/alienacionparental.com.ar\/wp-content\/uploads\/2024\/09\/Mizrahi-18x12.webp 18w\" sizes=\"(max-width: 1142px) 100vw, 1142px\" \/>\t\t\t\t\t\t\t\t\t\t\t\t\t\t\t<\/div>\n\t\t\t\t<\/div>\n\t\t\t\t<div class=\"elementor-element elementor-element-7ccc646 elementor-widget elementor-widget-theme-post-excerpt\" data-id=\"7ccc646\" data-element_type=\"widget\" data-widget_type=\"theme-post-excerpt.default\">\n\t\t\t\t<div class=\"elementor-widget-container\">\n\t\t\t\t\tPor Mauricio Luis Mizrahi\t\t\t\t<\/div>\n\t\t\t\t<\/div>\n\t\t\t\t<div class=\"elementor-element elementor-element-3ab1e6e elementor-widget elementor-widget-theme-post-title elementor-page-title elementor-widget-heading\" data-id=\"3ab1e6e\" data-element_type=\"widget\" data-widget_type=\"theme-post-title.default\">\n\t\t\t\t<div class=\"elementor-widget-container\">\n\t\t\t\t\t<h1 class=\"elementor-heading-title elementor-size-default\">Tratado sobre responsabilidade parental<\/h1>\t\t\t\t<\/div>\n\t\t\t\t<\/div>\n\t\t\t\t\t<\/div>\n\t\t\t\t<\/a>\n\t\t\t\t<\/div>\n\t\t\t\t<div data-elementor-type=\"loop-item\" data-elementor-id=\"179\" class=\"elementor elementor-179 e-loop-item e-loop-item-2024 post-2024 post type-post status-publish format-standard has-post-thumbnail hentry category-libros\" data-elementor-post-type=\"elementor_library\" data-custom-edit-handle=\"1\">\n\t\t\t<a class=\"elementor-element elementor-element-279b92a e-flex e-con-boxed e-con e-parent\" data-id=\"279b92a\" data-element_type=\"container\" data-settings=\"{&quot;background_background&quot;:&quot;classic&quot;}\" href=\"https:\/\/alienacionparental.com.ar\/pt\/interferencias-parentales\/\">\n\t\t\t\t\t<div class=\"e-con-inner\">\n\t\t\t\t<div class=\"elementor-element elementor-element-0df6562 elementor-widget elementor-widget-image\" data-id=\"0df6562\" data-element_type=\"widget\" data-widget_type=\"image.default\">\n\t\t\t\t<div class=\"elementor-widget-container\">\n\t\t\t\t\t\t\t\t\t\t\t\t\t\t\t<img decoding=\"async\" width=\"1000\" height=\"1416\" src=\"https:\/\/alienacionparental.com.ar\/wp-content\/uploads\/2024\/09\/portada-interferencias-parentales.webp\" class=\"attachment-full size-full wp-image-2025\" alt=\"\" srcset=\"https:\/\/alienacionparental.com.ar\/wp-content\/uploads\/2024\/09\/portada-interferencias-parentales.webp 1000w, https:\/\/alienacionparental.com.ar\/wp-content\/uploads\/2024\/09\/portada-interferencias-parentales-212x300.webp 212w, https:\/\/alienacionparental.com.ar\/wp-content\/uploads\/2024\/09\/portada-interferencias-parentales-723x1024.webp 723w, https:\/\/alienacionparental.com.ar\/wp-content\/uploads\/2024\/09\/portada-interferencias-parentales-768x1087.webp 768w, https:\/\/alienacionparental.com.ar\/wp-content\/uploads\/2024\/09\/portada-interferencias-parentales-8x12.webp 8w\" sizes=\"(max-width: 1000px) 100vw, 1000px\" \/>\t\t\t\t\t\t\t\t\t\t\t\t\t\t\t<\/div>\n\t\t\t\t<\/div>\n\t\t\t\t<div class=\"elementor-element elementor-element-7ccc646 elementor-widget elementor-widget-theme-post-excerpt\" data-id=\"7ccc646\" data-element_type=\"widget\" data-widget_type=\"theme-post-excerpt.default\">\n\t\t\t\t<div class=\"elementor-widget-container\">\n\t\t\t\t\tPor Yasm\u00edn Fuentes-Montpellier e Roberto Sicard Le\u00f3n\t\t\t\t<\/div>\n\t\t\t\t<\/div>\n\t\t\t\t<div class=\"elementor-element elementor-element-3ab1e6e elementor-widget elementor-widget-theme-post-title elementor-page-title elementor-widget-heading\" data-id=\"3ab1e6e\" data-element_type=\"widget\" data-widget_type=\"theme-post-title.default\">\n\t\t\t\t<div class=\"elementor-widget-container\">\n\t\t\t\t\t<h1 class=\"elementor-heading-title elementor-size-default\">Interfer\u00eancia dos pais<\/h1>\t\t\t\t<\/div>\n\t\t\t\t<\/div>\n\t\t\t\t\t<\/div>\n\t\t\t\t<\/a>\n\t\t\t\t<\/div>\n\t\t\t\t<div data-elementor-type=\"loop-item\" data-elementor-id=\"179\" class=\"elementor elementor-179 e-loop-item e-loop-item-2020 post-2020 post type-post status-publish format-standard has-post-thumbnail hentry category-libros\" data-elementor-post-type=\"elementor_library\" data-custom-edit-handle=\"1\">\n\t\t\t<a class=\"elementor-element elementor-element-279b92a e-flex e-con-boxed e-con e-parent\" data-id=\"279b92a\" data-element_type=\"container\" data-settings=\"{&quot;background_background&quot;:&quot;classic&quot;}\" href=\"https:\/\/alienacionparental.com.ar\/pt\/la-falsa-denuncia-en-el-regimen-de-comunicacion-familiar\/\">\n\t\t\t\t\t<div class=\"e-con-inner\">\n\t\t\t\t<div class=\"elementor-element elementor-element-0df6562 elementor-widget elementor-widget-image\" data-id=\"0df6562\" data-element_type=\"widget\" data-widget_type=\"image.default\">\n\t\t\t\t<div class=\"elementor-widget-container\">\n\t\t\t\t\t\t\t\t\t\t\t\t\t\t\t<img decoding=\"async\" width=\"1000\" height=\"1401\" src=\"https:\/\/alienacionparental.com.ar\/wp-content\/uploads\/2024\/09\/Antonio-Alberto-Violi.webp\" class=\"attachment-full size-full wp-image-2021\" alt=\"\" srcset=\"https:\/\/alienacionparental.com.ar\/wp-content\/uploads\/2024\/09\/Antonio-Alberto-Violi.webp 1000w, https:\/\/alienacionparental.com.ar\/wp-content\/uploads\/2024\/09\/Antonio-Alberto-Violi-214x300.webp 214w, https:\/\/alienacionparental.com.ar\/wp-content\/uploads\/2024\/09\/Antonio-Alberto-Violi-731x1024.webp 731w, https:\/\/alienacionparental.com.ar\/wp-content\/uploads\/2024\/09\/Antonio-Alberto-Violi-768x1076.webp 768w, https:\/\/alienacionparental.com.ar\/wp-content\/uploads\/2024\/09\/Antonio-Alberto-Violi-9x12.webp 9w\" sizes=\"(max-width: 1000px) 100vw, 1000px\" \/>\t\t\t\t\t\t\t\t\t\t\t\t\t\t\t<\/div>\n\t\t\t\t<\/div>\n\t\t\t\t<div class=\"elementor-element elementor-element-7ccc646 elementor-widget elementor-widget-theme-post-excerpt\" data-id=\"7ccc646\" data-element_type=\"widget\" data-widget_type=\"theme-post-excerpt.default\">\n\t\t\t\t<div class=\"elementor-widget-container\">\n\t\t\t\t\tPor Antonio Alberto Violi\t\t\t\t<\/div>\n\t\t\t\t<\/div>\n\t\t\t\t<div class=\"elementor-element elementor-element-3ab1e6e elementor-widget elementor-widget-theme-post-title elementor-page-title elementor-widget-heading\" data-id=\"3ab1e6e\" data-element_type=\"widget\" data-widget_type=\"theme-post-title.default\">\n\t\t\t\t<div class=\"elementor-widget-container\">\n\t\t\t\t\t<h1 class=\"elementor-heading-title elementor-size-default\">Relat\u00f3rios falsos no regime de comunica\u00e7\u00e3o familiar<\/h1>\t\t\t\t<\/div>\n\t\t\t\t<\/div>\n\t\t\t\t\t<\/div>\n\t\t\t\t<\/a>\n\t\t\t\t<\/div>\n\t\t\t\t<div data-elementor-type=\"loop-item\" data-elementor-id=\"179\" class=\"elementor elementor-179 e-loop-item e-loop-item-1918 post-1918 post type-post status-publish format-standard has-post-thumbnail hentry category-libros\" data-elementor-post-type=\"elementor_library\" data-custom-edit-handle=\"1\">\n\t\t\t<a class=\"elementor-element elementor-element-279b92a e-flex e-con-boxed e-con e-parent\" data-id=\"279b92a\" data-element_type=\"container\" data-settings=\"{&quot;background_background&quot;:&quot;classic&quot;}\" href=\"https:\/\/alienacionparental.com.ar\/pt\/declaracion-del-movimiento-global-de-integridad-cientifica-en-alienacion-parental\/\">\n\t\t\t\t\t<div class=\"e-con-inner\">\n\t\t\t\t<div class=\"elementor-element elementor-element-0df6562 elementor-widget elementor-widget-image\" data-id=\"0df6562\" data-element_type=\"widget\" data-widget_type=\"image.default\">\n\t\t\t\t<div class=\"elementor-widget-container\">\n\t\t\t\t\t\t\t\t\t\t\t\t\t\t\t<img loading=\"lazy\" decoding=\"async\" width=\"1000\" height=\"1415\" src=\"https:\/\/alienacionparental.com.ar\/wp-content\/uploads\/2024\/09\/Accion-Global-para-Investigacion-en-Alienacion-Parental-GARIPA-1.webp\" class=\"attachment-full size-full wp-image-1919\" alt=\"\" srcset=\"https:\/\/alienacionparental.com.ar\/wp-content\/uploads\/2024\/09\/Accion-Global-para-Investigacion-en-Alienacion-Parental-GARIPA-1.webp 1000w, https:\/\/alienacionparental.com.ar\/wp-content\/uploads\/2024\/09\/Accion-Global-para-Investigacion-en-Alienacion-Parental-GARIPA-1-212x300.webp 212w, https:\/\/alienacionparental.com.ar\/wp-content\/uploads\/2024\/09\/Accion-Global-para-Investigacion-en-Alienacion-Parental-GARIPA-1-724x1024.webp 724w, https:\/\/alienacionparental.com.ar\/wp-content\/uploads\/2024\/09\/Accion-Global-para-Investigacion-en-Alienacion-Parental-GARIPA-1-768x1087.webp 768w, https:\/\/alienacionparental.com.ar\/wp-content\/uploads\/2024\/09\/Accion-Global-para-Investigacion-en-Alienacion-Parental-GARIPA-1-8x12.webp 8w\" sizes=\"(max-width: 1000px) 100vw, 1000px\" \/>\t\t\t\t\t\t\t\t\t\t\t\t\t\t\t<\/div>\n\t\t\t\t<\/div>\n\t\t\t\t<div class=\"elementor-element elementor-element-7ccc646 elementor-widget elementor-widget-theme-post-excerpt\" data-id=\"7ccc646\" data-element_type=\"widget\" data-widget_type=\"theme-post-excerpt.default\">\n\t\t\t\t<div class=\"elementor-widget-container\">\n\t\t\t\t\tPor Alejandro Mendoza Amaro e William Bernet\t\t\t\t<\/div>\n\t\t\t\t<\/div>\n\t\t\t\t<div class=\"elementor-element elementor-element-3ab1e6e elementor-widget elementor-widget-theme-post-title elementor-page-title elementor-widget-heading\" data-id=\"3ab1e6e\" data-element_type=\"widget\" data-widget_type=\"theme-post-title.default\">\n\t\t\t\t<div class=\"elementor-widget-container\">\n\t\t\t\t\t<h1 class=\"elementor-heading-title elementor-size-default\">Declara\u00e7\u00e3o do Global Movement for Scientific Integrity in Parental Alienation (Movimento Global pela Integridade Cient\u00edfica na Aliena\u00e7\u00e3o Parental)<\/h1>\t\t\t\t<\/div>\n\t\t\t\t<\/div>\n\t\t\t\t\t<\/div>\n\t\t\t\t<\/a>\n\t\t\t\t<\/div>\n\t\t\t\t<div data-elementor-type=\"loop-item\" data-elementor-id=\"179\" class=\"elementor elementor-179 e-loop-item e-loop-item-1983 post-1983 post type-post status-publish format-standard has-post-thumbnail hentry category-libros\" data-elementor-post-type=\"elementor_library\" data-custom-edit-handle=\"1\">\n\t\t\t<a class=\"elementor-element elementor-element-279b92a e-flex e-con-boxed e-con e-parent\" data-id=\"279b92a\" data-element_type=\"container\" data-settings=\"{&quot;background_background&quot;:&quot;classic&quot;}\" href=\"https:\/\/alienacionparental.com.ar\/pt\/hienas-abogados-de-familia-vs-falsas-denuncias\/\">\n\t\t\t\t\t<div class=\"e-con-inner\">\n\t\t\t\t<div class=\"elementor-element elementor-element-0df6562 elementor-widget elementor-widget-image\" data-id=\"0df6562\" data-element_type=\"widget\" data-widget_type=\"image.default\">\n\t\t\t\t<div class=\"elementor-widget-container\">\n\t\t\t\t\t\t\t\t\t\t\t\t\t\t\t<img loading=\"lazy\" decoding=\"async\" width=\"1075\" height=\"1280\" src=\"https:\/\/alienacionparental.com.ar\/wp-content\/uploads\/2024\/09\/Hienas.webp\" class=\"attachment-full size-full wp-image-1984\" alt=\"\" srcset=\"https:\/\/alienacionparental.com.ar\/wp-content\/uploads\/2024\/09\/Hienas.webp 1075w, https:\/\/alienacionparental.com.ar\/wp-content\/uploads\/2024\/09\/Hienas-252x300.webp 252w\" sizes=\"(max-width: 1075px) 100vw, 1075px\" \/>\t\t\t\t\t\t\t\t\t\t\t\t\t\t\t<\/div>\n\t\t\t\t<\/div>\n\t\t\t\t<div class=\"elementor-element elementor-element-7ccc646 elementor-widget elementor-widget-theme-post-excerpt\" data-id=\"7ccc646\" data-element_type=\"widget\" data-widget_type=\"theme-post-excerpt.default\">\n\t\t\t\t<div class=\"elementor-widget-container\">\n\t\t\t\t\tPor Patricia Anzo\u00e1tegui e Rub\u00e9n Melloni Anzo\u00e1tegui \t\t\t\t<\/div>\n\t\t\t\t<\/div>\n\t\t\t\t<div class=\"elementor-element elementor-element-3ab1e6e elementor-widget elementor-widget-theme-post-title elementor-page-title elementor-widget-heading\" data-id=\"3ab1e6e\" data-element_type=\"widget\" data-widget_type=\"theme-post-title.default\">\n\t\t\t\t<div class=\"elementor-widget-container\">\n\t\t\t\t\t<h1 class=\"elementor-heading-title elementor-size-default\">Hienas. Advogados de fam\u00edlia vs. falsas alega\u00e7\u00f5es<\/h1>\t\t\t\t<\/div>\n\t\t\t\t<\/div>\n\t\t\t\t\t<\/div>\n\t\t\t\t<\/a>\n\t\t\t\t<\/div>\n\t\t\t\t<\/div>\n\t\t\t\t\t<span class=\"e-load-more-spinner\">\n\t\t\t\t<svg aria-hidden=\"true\" class=\"e-font-icon-svg e-fas-spinner\" viewbox=\"0 0 512 512\" xmlns=\"http:\/\/www.w3.org\/2000\/svg\"><path d=\"M304 48c0 26.51-21.49 48-48 48s-48-21.49-48-48 21.49-48 48-48 48 21.49 48 48zm-48 368c-26.51 0-48 21.49-48 48s21.49 48 48 48 48-21.49 48-48-21.49-48-48-48zm208-208c-26.51 0-48 21.49-48 48s21.49 48 48 48 48-21.49 48-48-21.49-48-48-48zM96 256c0-26.51-21.49-48-48-48S0 229.49 0 256s21.49 48 48 48 48-21.49 48-48zm12.922 99.078c-26.51 0-48 21.49-48 48s21.49 48 48 48 48-21.49 48-48c0-26.509-21.491-48-48-48zm294.156 0c-26.51 0-48 21.49-48 48s21.49 48 48 48 48-21.49 48-48c0-26.509-21.49-48-48-48zM108.922 60.922c-26.51 0-48 21.49-48 48s21.49 48 48 48 48-21.49 48-48-21.491-48-48-48z\"><\/path><\/svg>\t\t\t<\/span>\n\t\t\n\t\t\t\t\t\t<\/div>\n\t\t\t\t<\/div>\n\t\t\t\t\t<\/div>\n\t\t\t\t<\/div>\n\t\t\t\t<\/div>","protected":false},"excerpt":{"rendered":"<p>Livros<\/p>","protected":false},"author":1,"featured_media":0,"parent":0,"menu_order":0,"comment_status":"closed","ping_status":"closed","template":"","meta":{"footnotes":""},"class_list":["post-1987","page","type-page","status-publish","hentry"],"_links":{"self":[{"href":"https:\/\/alienacionparental.com.ar\/pt\/wp-json\/wp\/v2\/pages\/1987","targetHints":{"allow":["GET"]}}],"collection":[{"href":"https:\/\/alienacionparental.com.ar\/pt\/wp-json\/wp\/v2\/pages"}],"about":[{"href":"https:\/\/alienacionparental.com.ar\/pt\/wp-json\/wp\/v2\/types\/page"}],"author":[{"embeddable":true,"href":"https:\/\/alienacionparental.com.ar\/pt\/wp-json\/wp\/v2\/users\/1"}],"replies":[{"embeddable":true,"href":"https:\/\/alienacionparental.com.ar\/pt\/wp-json\/wp\/v2\/comments?post=1987"}],"version-history":[{"count":7,"href":"https:\/\/alienacionparental.com.ar\/pt\/wp-json\/wp\/v2\/pages\/1987\/revisions"}],"predecessor-version":[{"id":2030,"href":"https:\/\/alienacionparental.com.ar\/pt\/wp-json\/wp\/v2\/pages\/1987\/revisions\/2030"}],"wp:attachment":[{"href":"https:\/\/alienacionparental.com.ar\/pt\/wp-json\/wp\/v2\/media?parent=1987"}],"curies":[{"name":"wp","href":"https:\/\/api.w.org\/{rel}","templated":true}]}}